{"id":28502,"date":"2021-06-28T13:42:07","date_gmt":"2021-06-28T10:42:07","guid":{"rendered":"https:\/\/valvekliinik.ee\/?page_id=28502"},"modified":"2021-06-28T13:43:39","modified_gmt":"2021-06-28T10:43:39","slug":"covid19-kiitos","status":"publish","type":"page","link":"https:\/\/valvekliinik.ee\/fi\/covid19-kiitos\/","title":{"rendered":"covid19-kiitos"},"content":{"rendered":"\t\t<div data-elementor-type=\"wp-page\" data-elementor-id=\"28502\" class=\"elementor elementor-28502 elementor-28350\" data-elementor-post-type=\"page\">\n\t\t\t\t\t\t<section class=\"ob-is-breaking-bad elementor-section elementor-top-section elementor-element elementor-element-fc67ed9 elementor-section-boxed elementor-section-height-default elementor-section-height-default\" data-id=\"fc67ed9\" data-element_type=\"section\" data-settings=\"{&quot;_ob_bbad_use_it&quot;:&quot;yes&quot;,&quot;_ob_bbad_sssic_use&quot;:&quot;no&quot;,&quot;_ob_glider_is_slider&quot;:&quot;no&quot;,&quot;jet_parallax_layout_list&quot;:[]}\">\n\t\t\t\t\t\t<div class=\"elementor-container elementor-column-gap-default\">\n\t\t\t\t\t<div class=\"elementor-column elementor-col-100 elementor-top-column elementor-element elementor-element-e5b0d21\" data-id=\"e5b0d21\" data-element_type=\"column\" data-settings=\"{&quot;background_background&quot;:&quot;classic&quot;,&quot;_ob_bbad_is_stalker&quot;:&quot;no&quot;,&quot;_ob_teleporter_use&quot;:false,&quot;_ob_column_hoveranimator&quot;:&quot;no&quot;,&quot;_ob_column_has_pseudo&quot;:&quot;no&quot;}\">\n\t\t\t<div class=\"elementor-widget-wrap elementor-element-populated\">\n\t\t\t\t\t\t<div class=\"elementor-element elementor-element-8f69032 ob-harakiri-inherit ob-has-background-overlay elementor-widget elementor-widget-heading\" data-id=\"8f69032\" data-element_type=\"widget\" data-settings=\"{&quot;_ob_use_harakiri&quot;:&quot;yes&quot;,&quot;_ob_harakiri_writing_mode&quot;:&quot;inherit&quot;,&quot;_ob_harakiri_text_clip&quot;:&quot;none&quot;,&quot;_ob_perspektive_use&quot;:&quot;no&quot;,&quot;_ob_poopart_use&quot;:&quot;yes&quot;,&quot;_ob_shadough_use&quot;:&quot;no&quot;,&quot;_ob_allow_hoveranimator&quot;:&quot;no&quot;,&quot;_ob_widget_stalker_use&quot;:&quot;no&quot;}\" data-widget_type=\"heading.default\">\n\t\t\t\t<div class=\"elementor-widget-container\">\n\t\t\t\t\t<h2 class=\"elementor-heading-title elementor-size-default\">Hakemus l\u00e4hetetty, kiitos! <\/h2>\t\t\t\t<\/div>\n\t\t\t\t<\/div>\n\t\t\t\t<div class=\"elementor-element elementor-element-e2c5bcc ob-harakiri-inherit ob-has-background-overlay elementor-widget elementor-widget-heading\" data-id=\"e2c5bcc\" data-element_type=\"widget\" data-settings=\"{&quot;_ob_use_harakiri&quot;:&quot;yes&quot;,&quot;_ob_harakiri_writing_mode&quot;:&quot;inherit&quot;,&quot;_ob_harakiri_text_clip&quot;:&quot;none&quot;,&quot;_ob_perspektive_use&quot;:&quot;no&quot;,&quot;_ob_poopart_use&quot;:&quot;yes&quot;,&quot;_ob_shadough_use&quot;:&quot;no&quot;,&quot;_ob_allow_hoveranimator&quot;:&quot;no&quot;,&quot;_ob_widget_stalker_use&quot;:&quot;no&quot;}\" data-widget_type=\"heading.default\">\n\t\t\t\t<div class=\"elementor-widget-container\">\n\t\t\t\t\t<h2 class=\"elementor-heading-title elementor-size-default\">Ensin tarkistamme tietonne, sen j\u00e4lkeen toimitamme laskun ja annamme todistuksen laskun maksamisen j\u00e4lkeen.<\/h2>\t\t\t\t<\/div>\n\t\t\t\t<\/div>\n\t\t\t\t\t<\/div>\n\t\t<\/div>\n\t\t\t\t\t<\/div>\n\t\t<\/section>\n\t\t\t\t<section class=\"ob-is-breaking-bad elementor-section elementor-top-section elementor-element elementor-element-7444ced elementor-section-boxed elementor-section-height-default elementor-section-height-default\" data-id=\"7444ced\" data-element_type=\"section\" data-settings=\"{&quot;_ob_bbad_use_it&quot;:&quot;yes&quot;,&quot;_ob_bbad_sssic_use&quot;:&quot;no&quot;,&quot;_ob_glider_is_slider&quot;:&quot;no&quot;,&quot;jet_parallax_layout_list&quot;:[]}\">\n\t\t\t\t\t\t<div class=\"elementor-container elementor-column-gap-default\">\n\t\t\t\t\t<div class=\"elementor-column elementor-col-50 elementor-top-column elementor-element elementor-element-0574ddd\" data-id=\"0574ddd\" data-element_type=\"column\" data-settings=\"{&quot;_ob_bbad_is_stalker&quot;:&quot;no&quot;,&quot;_ob_teleporter_use&quot;:false,&quot;_ob_column_hoveranimator&quot;:&quot;no&quot;,&quot;_ob_column_has_pseudo&quot;:&quot;no&quot;}\">\n\t\t\t<div class=\"elementor-widget-wrap elementor-element-populated\">\n\t\t\t\t\t\t<div class=\"elementor-element elementor-element-6513870 ob-harakiri-inherit ob-has-background-overlay elementor-widget elementor-widget-heading\" data-id=\"6513870\" data-element_type=\"widget\" data-settings=\"{&quot;_ob_use_harakiri&quot;:&quot;yes&quot;,&quot;_ob_harakiri_writing_mode&quot;:&quot;inherit&quot;,&quot;_ob_harakiri_text_clip&quot;:&quot;none&quot;,&quot;_ob_perspektive_use&quot;:&quot;no&quot;,&quot;_ob_poopart_use&quot;:&quot;yes&quot;,&quot;_ob_shadough_use&quot;:&quot;no&quot;,&quot;_ob_allow_hoveranimator&quot;:&quot;no&quot;,&quot;_ob_widget_stalker_use&quot;:&quot;no&quot;}\" data-widget_type=\"heading.default\">\n\t\t\t\t<div class=\"elementor-widget-container\">\n\t\t\t\t\t<h2 class=\"elementor-heading-title elementor-size-default\">VALVEKLIINIK<\/h2>\t\t\t\t<\/div>\n\t\t\t\t<\/div>\n\t\t\t\t<div class=\"elementor-element elementor-element-e9db637 ob-harakiri-inherit ob-has-background-overlay elementor-widget elementor-widget-text-editor\" data-id=\"e9db637\" data-element_type=\"widget\" data-settings=\"{&quot;_ob_use_harakiri&quot;:&quot;yes&quot;,&quot;_ob_harakiri_writing_mode&quot;:&quot;inherit&quot;,&quot;_ob_postman_use&quot;:&quot;no&quot;,&quot;_ob_perspektive_use&quot;:&quot;no&quot;,&quot;_ob_poopart_use&quot;:&quot;yes&quot;,&quot;_ob_shadough_use&quot;:&quot;no&quot;,&quot;_ob_allow_hoveranimator&quot;:&quot;no&quot;,&quot;_ob_widget_stalker_use&quot;:&quot;no&quot;}\" data-widget_type=\"text-editor.default\">\n\t\t\t\t<div class=\"elementor-widget-container\">\n\t\t\t\t\t\t\t\t\t<p>Henkil\u00f6kohtainen ja nopea <strong>sairaanhoito jokaiselle avuntarvitsijalle jo samana p\u00e4iv\u00e4n\u00e4!<\/strong><\/p><p>Valvakliinik:in missio on tarjota potilaankeskeist\u00e4 hoitopalvelua juuri sill\u00e4 hetkell\u00e4, kun sit\u00e4 eniten tarvitaan. Saapukaa paikalle ilman ajanvarausta tai <a href=\"https:\/\/connectedserver.eu\/ConnectedOnlineX\/default.aspx?key=byMuU2Gb&amp;lang=et\"><strong>varatkaa aika t\u00e4st\u00e4.<\/strong><\/a><\/p>\t\t\t\t\t\t\t\t<\/div>\n\t\t\t\t<\/div>\n\t\t\t\t\t<\/div>\n\t\t<\/div>\n\t\t\t\t<div class=\"elementor-column elementor-col-50 elementor-top-column elementor-element elementor-element-d8a50b2\" data-id=\"d8a50b2\" data-element_type=\"column\" data-settings=\"{&quot;background_background&quot;:&quot;classic&quot;,&quot;_ob_bbad_is_stalker&quot;:&quot;no&quot;,&quot;_ob_teleporter_use&quot;:false,&quot;_ob_column_hoveranimator&quot;:&quot;no&quot;,&quot;_ob_column_has_pseudo&quot;:&quot;no&quot;}\">\n\t\t\t<div class=\"elementor-widget-wrap elementor-element-populated\">\n\t\t\t\t\t\t<div class=\"elementor-element elementor-element-0bf8c9c ob-has-background-overlay elementor-widget elementor-widget-image\" data-id=\"0bf8c9c\" data-element_type=\"widget\" data-settings=\"{&quot;_ob_photomorph_use&quot;:&quot;no&quot;,&quot;_ob_perspektive_use&quot;:&quot;no&quot;,&quot;_ob_poopart_use&quot;:&quot;yes&quot;,&quot;_ob_shadough_use&quot;:&quot;no&quot;,&quot;_ob_allow_hoveranimator&quot;:&quot;no&quot;,&quot;_ob_widget_stalker_use&quot;:&quot;no&quot;}\" data-widget_type=\"image.default\">\n\t\t\t\t<div class=\"elementor-widget-container\">\n\t\t\t\t\t\t\t\t\t\t\t\t\t\t\t<img fetchpriority=\"high\" decoding=\"async\" width=\"1080\" height=\"1080\" src=\"https:\/\/valvekliinik.ee\/wp-content\/uploads\/2021\/06\/Untitled-design-6.png\" class=\"attachment-large size-large wp-image-28409\" alt=\"\" srcset=\"https:\/\/valvekliinik.ee\/wp-content\/uploads\/2021\/06\/Untitled-design-6.png 1080w, https:\/\/valvekliinik.ee\/wp-content\/uploads\/2021\/06\/Untitled-design-6-600x600.png 600w, https:\/\/valvekliinik.ee\/wp-content\/uploads\/2021\/06\/Untitled-design-6-768x768.png 768w\" sizes=\"(max-width: 1080px) 100vw, 1080px\" \/>\t\t\t\t\t\t\t\t\t\t\t\t\t\t\t<\/div>\n\t\t\t\t<\/div>\n\t\t\t\t\t<\/div>\n\t\t<\/div>\n\t\t\t\t\t<\/div>\n\t\t<\/section>\n\t\t\t\t<section class=\"ob-is-breaking-bad elementor-section elementor-top-section elementor-element elementor-element-69c7556 elementor-reverse-mobile elementor-section-boxed elementor-section-height-default elementor-section-height-default\" data-id=\"69c7556\" data-element_type=\"section\" data-settings=\"{&quot;_ob_bbad_use_it&quot;:&quot;yes&quot;,&quot;_ob_bbad_sssic_use&quot;:&quot;no&quot;,&quot;_ob_glider_is_slider&quot;:&quot;no&quot;,&quot;jet_parallax_layout_list&quot;:[]}\">\n\t\t\t\t\t\t<div class=\"elementor-container elementor-column-gap-default\">\n\t\t\t\t\t<div class=\"elementor-column elementor-col-50 elementor-top-column elementor-element elementor-element-fb131d5\" data-id=\"fb131d5\" data-element_type=\"column\" data-settings=\"{&quot;background_background&quot;:&quot;classic&quot;,&quot;_ob_bbad_is_stalker&quot;:&quot;no&quot;,&quot;_ob_teleporter_use&quot;:false,&quot;_ob_column_hoveranimator&quot;:&quot;no&quot;,&quot;_ob_column_has_pseudo&quot;:&quot;no&quot;}\">\n\t\t\t<div class=\"elementor-widget-wrap elementor-element-populated\">\n\t\t\t\t\t\t<div class=\"elementor-element elementor-element-6298ad6 ob-has-background-overlay elementor-widget elementor-widget-image\" data-id=\"6298ad6\" data-element_type=\"widget\" data-settings=\"{&quot;_ob_photomorph_use&quot;:&quot;no&quot;,&quot;_ob_perspektive_use&quot;:&quot;no&quot;,&quot;_ob_poopart_use&quot;:&quot;yes&quot;,&quot;_ob_shadough_use&quot;:&quot;no&quot;,&quot;_ob_allow_hoveranimator&quot;:&quot;no&quot;,&quot;_ob_widget_stalker_use&quot;:&quot;no&quot;}\" data-widget_type=\"image.default\">\n\t\t\t\t<div class=\"elementor-widget-container\">\n\t\t\t\t\t\t\t\t\t\t\t\t\t\t\t<img decoding=\"async\" width=\"1080\" height=\"1080\" src=\"https:\/\/valvekliinik.ee\/wp-content\/uploads\/2021\/06\/vk-krete.png\" class=\"attachment-large size-large wp-image-28419\" alt=\"\" srcset=\"https:\/\/valvekliinik.ee\/wp-content\/uploads\/2021\/06\/vk-krete.png 1080w, https:\/\/valvekliinik.ee\/wp-content\/uploads\/2021\/06\/vk-krete-600x600.png 600w, https:\/\/valvekliinik.ee\/wp-content\/uploads\/2021\/06\/vk-krete-768x768.png 768w\" sizes=\"(max-width: 1080px) 100vw, 1080px\" \/>\t\t\t\t\t\t\t\t\t\t\t\t\t\t\t<\/div>\n\t\t\t\t<\/div>\n\t\t\t\t\t<\/div>\n\t\t<\/div>\n\t\t\t\t<div class=\"elementor-column elementor-col-50 elementor-top-column elementor-element elementor-element-0533225\" data-id=\"0533225\" data-element_type=\"column\" data-settings=\"{&quot;_ob_bbad_is_stalker&quot;:&quot;no&quot;,&quot;_ob_teleporter_use&quot;:false,&quot;_ob_column_hoveranimator&quot;:&quot;no&quot;,&quot;_ob_column_has_pseudo&quot;:&quot;no&quot;}\">\n\t\t\t<div class=\"elementor-widget-wrap elementor-element-populated\">\n\t\t\t\t\t\t<div class=\"elementor-element elementor-element-4e973e4 ob-harakiri-inherit ob-has-background-overlay elementor-widget elementor-widget-heading\" data-id=\"4e973e4\" data-element_type=\"widget\" data-settings=\"{&quot;_ob_use_harakiri&quot;:&quot;yes&quot;,&quot;_ob_harakiri_writing_mode&quot;:&quot;inherit&quot;,&quot;_ob_harakiri_text_clip&quot;:&quot;none&quot;,&quot;_ob_perspektive_use&quot;:&quot;no&quot;,&quot;_ob_poopart_use&quot;:&quot;yes&quot;,&quot;_ob_shadough_use&quot;:&quot;no&quot;,&quot;_ob_allow_hoveranimator&quot;:&quot;no&quot;,&quot;_ob_widget_stalker_use&quot;:&quot;no&quot;}\" data-widget_type=\"heading.default\">\n\t\t\t\t<div class=\"elementor-widget-container\">\n\t\t\t\t\t<h2 class=\"elementor-heading-title elementor-size-default\">VALVEKLIINIK:IN GYNEKOLOGIA- JA RASKAUSKESKUS<\/h2>\t\t\t\t<\/div>\n\t\t\t\t<\/div>\n\t\t\t\t<div class=\"elementor-element elementor-element-1e97bca ob-harakiri-inherit ob-has-background-overlay elementor-widget elementor-widget-text-editor\" data-id=\"1e97bca\" data-element_type=\"widget\" data-settings=\"{&quot;_ob_use_harakiri&quot;:&quot;yes&quot;,&quot;_ob_harakiri_writing_mode&quot;:&quot;inherit&quot;,&quot;_ob_postman_use&quot;:&quot;no&quot;,&quot;_ob_perspektive_use&quot;:&quot;no&quot;,&quot;_ob_poopart_use&quot;:&quot;yes&quot;,&quot;_ob_shadough_use&quot;:&quot;no&quot;,&quot;_ob_allow_hoveranimator&quot;:&quot;no&quot;,&quot;_ob_widget_stalker_use&quot;:&quot;no&quot;}\" data-widget_type=\"text-editor.default\">\n\t\t\t\t<div class=\"elementor-widget-container\">\n\t\t\t\t\t\t\t\t\t<p>Valvekliinik:in gynekologia- ja raskauskeskuksen naistentautil\u00e4\u00e4k\u00e4rit ovat erikoistuneet naisten terveyteen ja toteuttavat<a href=\"\/fi\/teenused\/\"> <strong>huipputason raskaudenaikaisia ja gynekologisia ultra\u00e4\u00e4nitutkimuksia <\/strong><\/a>huipputeknologiaan perustuvalla 3D\/4D -ultra\u00e4\u00e4nilaitteella.<\/p><p>Valvekliinik:in naistentautil\u00e4\u00e4k\u00e4reiden <strong>vastaanotto my\u00f6s lauantaisin.\u00a0Naistentautil\u00e4\u00e4k\u00e4rin vastaanotolle suositellaan varata aika etuk\u00e4teen.<\/strong><\/p>\t\t\t\t\t\t\t\t<\/div>\n\t\t\t\t<\/div>\n\t\t\t\t\t<\/div>\n\t\t<\/div>\n\t\t\t\t\t<\/div>\n\t\t<\/section>\n\t\t\t\t<\/div>\n\t\t","protected":false},"excerpt":{"rendered":"<p>Hakemus l\u00e4hetetty, kiitos! Ensin tarkistamme tietonne, sen j\u00e4lkeen toimitamme laskun ja annamme todistuksen laskun maksamisen j\u00e4lkeen. VALVEKLIINIK Henkil\u00f6kohtainen ja nopea sairaanhoito jokaiselle avuntarvitsijalle jo samana p\u00e4iv\u00e4n\u00e4! Valvakliinik:in missio on tarjota potilaankeskeist\u00e4 hoitopalvelua juuri sill\u00e4 hetkell\u00e4, kun sit\u00e4 eniten tarvitaan. Saapukaa paikalle ilman ajanvarausta tai varatkaa aika t\u00e4st\u00e4. VALVEKLIINIK:IN GYNEKOLOGIA- JA RASKAUSKESKUS Valvekliinik:in gynekologia- ja raskauskeskuksen [&hellip;]<\/p>\n","protected":false},"author":3,"featured_media":0,"parent":0,"menu_order":0,"comment_status":"closed","ping_status":"closed","template":"elementor_header_footer","meta":{"footnotes":""},"class_list":["post-28502","page","type-page","status-publish","hentry"],"yoast_head":"<!-- This site is optimized with the Yoast SEO plugin v26.6 - https:\/\/yoast.com\/wordpress\/plugins\/seo\/ -->\n<title>covid19-kiitos - Valvekliinik<\/title>\n<meta name=\"robots\" content=\"index, follow, max-snippet:-1, max-image-preview:large, max-video-preview:-1\" \/>\n<link rel=\"canonical\" href=\"https:\/\/valvekliinik.ee\/fi\/covid19-kiitos\/\" \/>\n<meta property=\"og:locale\" content=\"fi_FI\" \/>\n<meta property=\"og:type\" content=\"article\" \/>\n<meta property=\"og:title\" content=\"covid19-kiitos - Valvekliinik\" \/>\n<meta property=\"og:description\" content=\"Hakemus l\u00e4hetetty, kiitos! Ensin tarkistamme tietonne, sen j\u00e4lkeen toimitamme laskun ja annamme todistuksen laskun maksamisen j\u00e4lkeen. VALVEKLIINIK Henkil\u00f6kohtainen ja nopea sairaanhoito jokaiselle avuntarvitsijalle jo samana p\u00e4iv\u00e4n\u00e4! Valvakliinik:in missio on tarjota potilaankeskeist\u00e4 hoitopalvelua juuri sill\u00e4 hetkell\u00e4, kun sit\u00e4 eniten tarvitaan. Saapukaa paikalle ilman ajanvarausta tai varatkaa aika t\u00e4st\u00e4. VALVEKLIINIK:IN GYNEKOLOGIA- JA RASKAUSKESKUS Valvekliinik:in gynekologia- ja raskauskeskuksen [&hellip;]\" \/>\n<meta property=\"og:url\" content=\"https:\/\/valvekliinik.ee\/fi\/covid19-kiitos\/\" \/>\n<meta property=\"og:site_name\" content=\"Valvekliinik\" \/>\n<meta property=\"article:modified_time\" content=\"2021-06-28T10:43:39+00:00\" \/>\n<meta property=\"og:image\" content=\"https:\/\/valvekliinik.ee\/wp-content\/uploads\/2021\/06\/Untitled-design-6.png\" \/>\n<meta name=\"twitter:card\" content=\"summary_large_image\" \/>\n<meta name=\"twitter:label1\" content=\"Arvioitu lukuaika\" \/>\n\t<meta name=\"twitter:data1\" content=\"1 minuutti\" \/>\n<script type=\"application\/ld+json\" class=\"yoast-schema-graph\">{\"@context\":\"https:\/\/schema.org\",\"@graph\":[{\"@type\":\"WebPage\",\"@id\":\"https:\/\/valvekliinik.ee\/fi\/covid19-kiitos\/\",\"url\":\"https:\/\/valvekliinik.ee\/fi\/covid19-kiitos\/\",\"name\":\"covid19-kiitos - Valvekliinik\",\"isPartOf\":{\"@id\":\"https:\/\/valvekliinik.ee\/#website\"},\"primaryImageOfPage\":{\"@id\":\"https:\/\/valvekliinik.ee\/fi\/covid19-kiitos\/#primaryimage\"},\"image\":{\"@id\":\"https:\/\/valvekliinik.ee\/fi\/covid19-kiitos\/#primaryimage\"},\"thumbnailUrl\":\"https:\/\/valvekliinik.ee\/wp-content\/uploads\/2021\/06\/Untitled-design-6.png\",\"datePublished\":\"2021-06-28T10:42:07+00:00\",\"dateModified\":\"2021-06-28T10:43:39+00:00\",\"breadcrumb\":{\"@id\":\"https:\/\/valvekliinik.ee\/fi\/covid19-kiitos\/#breadcrumb\"},\"inLanguage\":\"fi\",\"potentialAction\":[{\"@type\":\"ReadAction\",\"target\":[\"https:\/\/valvekliinik.ee\/fi\/covid19-kiitos\/\"]}]},{\"@type\":\"ImageObject\",\"inLanguage\":\"fi\",\"@id\":\"https:\/\/valvekliinik.ee\/fi\/covid19-kiitos\/#primaryimage\",\"url\":\"https:\/\/valvekliinik.ee\/wp-content\/uploads\/2021\/06\/Untitled-design-6.png\",\"contentUrl\":\"https:\/\/valvekliinik.ee\/wp-content\/uploads\/2021\/06\/Untitled-design-6.png\"},{\"@type\":\"BreadcrumbList\",\"@id\":\"https:\/\/valvekliinik.ee\/fi\/covid19-kiitos\/#breadcrumb\",\"itemListElement\":[{\"@type\":\"ListItem\",\"position\":1,\"name\":\"Home\",\"item\":\"https:\/\/valvekliinik.ee\/\"},{\"@type\":\"ListItem\",\"position\":2,\"name\":\"covid19-kiitos\"}]},{\"@type\":\"WebSite\",\"@id\":\"https:\/\/valvekliinik.ee\/#website\",\"url\":\"https:\/\/valvekliinik.ee\/\",\"name\":\"Valvekliinik\",\"description\":\"Tallinna s\u00fcdalinnas arsti vastuv\u00f5tt samal p\u00e4eval E-R 09 - 20 ja laup\u00e4eviti 12 - 16\",\"publisher\":{\"@id\":\"https:\/\/valvekliinik.ee\/#organization\"},\"potentialAction\":[{\"@type\":\"SearchAction\",\"target\":{\"@type\":\"EntryPoint\",\"urlTemplate\":\"https:\/\/valvekliinik.ee\/?s={search_term_string}\"},\"query-input\":{\"@type\":\"PropertyValueSpecification\",\"valueRequired\":true,\"valueName\":\"search_term_string\"}}],\"inLanguage\":\"fi\"},{\"@type\":\"Organization\",\"@id\":\"https:\/\/valvekliinik.ee\/#organization\",\"name\":\"Valvekliinik\",\"url\":\"https:\/\/valvekliinik.ee\/\",\"logo\":{\"@type\":\"ImageObject\",\"inLanguage\":\"fi\",\"@id\":\"https:\/\/valvekliinik.ee\/#\/schema\/logo\/image\/\",\"url\":\"https:\/\/valvekliinik.ee\/wp-content\/uploads\/2021\/08\/vk-logo.svg\",\"contentUrl\":\"https:\/\/valvekliinik.ee\/wp-content\/uploads\/2021\/08\/vk-logo.svg\",\"width\":212,\"height\":59,\"caption\":\"Valvekliinik\"},\"image\":{\"@id\":\"https:\/\/valvekliinik.ee\/#\/schema\/logo\/image\/\"}}]}<\/script>\n<!-- \/ Yoast SEO plugin. -->","yoast_head_json":{"title":"covid19-kiitos - Valvekliinik","robots":{"index":"index","follow":"follow","max-snippet":"max-snippet:-1","max-image-preview":"max-image-preview:large","max-video-preview":"max-video-preview:-1"},"canonical":"https:\/\/valvekliinik.ee\/fi\/covid19-kiitos\/","og_locale":"fi_FI","og_type":"article","og_title":"covid19-kiitos - Valvekliinik","og_description":"Hakemus l\u00e4hetetty, kiitos! Ensin tarkistamme tietonne, sen j\u00e4lkeen toimitamme laskun ja annamme todistuksen laskun maksamisen j\u00e4lkeen. VALVEKLIINIK Henkil\u00f6kohtainen ja nopea sairaanhoito jokaiselle avuntarvitsijalle jo samana p\u00e4iv\u00e4n\u00e4! Valvakliinik:in missio on tarjota potilaankeskeist\u00e4 hoitopalvelua juuri sill\u00e4 hetkell\u00e4, kun sit\u00e4 eniten tarvitaan. Saapukaa paikalle ilman ajanvarausta tai varatkaa aika t\u00e4st\u00e4. VALVEKLIINIK:IN GYNEKOLOGIA- JA RASKAUSKESKUS Valvekliinik:in gynekologia- ja raskauskeskuksen [&hellip;]","og_url":"https:\/\/valvekliinik.ee\/fi\/covid19-kiitos\/","og_site_name":"Valvekliinik","article_modified_time":"2021-06-28T10:43:39+00:00","og_image":[{"url":"https:\/\/valvekliinik.ee\/wp-content\/uploads\/2021\/06\/Untitled-design-6.png","type":"","width":"","height":""}],"twitter_card":"summary_large_image","twitter_misc":{"Arvioitu lukuaika":"1 minuutti"},"schema":{"@context":"https:\/\/schema.org","@graph":[{"@type":"WebPage","@id":"https:\/\/valvekliinik.ee\/fi\/covid19-kiitos\/","url":"https:\/\/valvekliinik.ee\/fi\/covid19-kiitos\/","name":"covid19-kiitos - Valvekliinik","isPartOf":{"@id":"https:\/\/valvekliinik.ee\/#website"},"primaryImageOfPage":{"@id":"https:\/\/valvekliinik.ee\/fi\/covid19-kiitos\/#primaryimage"},"image":{"@id":"https:\/\/valvekliinik.ee\/fi\/covid19-kiitos\/#primaryimage"},"thumbnailUrl":"https:\/\/valvekliinik.ee\/wp-content\/uploads\/2021\/06\/Untitled-design-6.png","datePublished":"2021-06-28T10:42:07+00:00","dateModified":"2021-06-28T10:43:39+00:00","breadcrumb":{"@id":"https:\/\/valvekliinik.ee\/fi\/covid19-kiitos\/#breadcrumb"},"inLanguage":"fi","potentialAction":[{"@type":"ReadAction","target":["https:\/\/valvekliinik.ee\/fi\/covid19-kiitos\/"]}]},{"@type":"ImageObject","inLanguage":"fi","@id":"https:\/\/valvekliinik.ee\/fi\/covid19-kiitos\/#primaryimage","url":"https:\/\/valvekliinik.ee\/wp-content\/uploads\/2021\/06\/Untitled-design-6.png","contentUrl":"https:\/\/valvekliinik.ee\/wp-content\/uploads\/2021\/06\/Untitled-design-6.png"},{"@type":"BreadcrumbList","@id":"https:\/\/valvekliinik.ee\/fi\/covid19-kiitos\/#breadcrumb","itemListElement":[{"@type":"ListItem","position":1,"name":"Home","item":"https:\/\/valvekliinik.ee\/"},{"@type":"ListItem","position":2,"name":"covid19-kiitos"}]},{"@type":"WebSite","@id":"https:\/\/valvekliinik.ee\/#website","url":"https:\/\/valvekliinik.ee\/","name":"Valvekliinik","description":"Tallinna s\u00fcdalinnas arsti vastuv\u00f5tt samal p\u00e4eval E-R 09 - 20 ja laup\u00e4eviti 12 - 16","publisher":{"@id":"https:\/\/valvekliinik.ee\/#organization"},"potentialAction":[{"@type":"SearchAction","target":{"@type":"EntryPoint","urlTemplate":"https:\/\/valvekliinik.ee\/?s={search_term_string}"},"query-input":{"@type":"PropertyValueSpecification","valueRequired":true,"valueName":"search_term_string"}}],"inLanguage":"fi"},{"@type":"Organization","@id":"https:\/\/valvekliinik.ee\/#organization","name":"Valvekliinik","url":"https:\/\/valvekliinik.ee\/","logo":{"@type":"ImageObject","inLanguage":"fi","@id":"https:\/\/valvekliinik.ee\/#\/schema\/logo\/image\/","url":"https:\/\/valvekliinik.ee\/wp-content\/uploads\/2021\/08\/vk-logo.svg","contentUrl":"https:\/\/valvekliinik.ee\/wp-content\/uploads\/2021\/08\/vk-logo.svg","width":212,"height":59,"caption":"Valvekliinik"},"image":{"@id":"https:\/\/valvekliinik.ee\/#\/schema\/logo\/image\/"}}]}},"_links":{"self":[{"href":"https:\/\/valvekliinik.ee\/fi\/wp-json\/wp\/v2\/pages\/28502","targetHints":{"allow":["GET"]}}],"collection":[{"href":"https:\/\/valvekliinik.ee\/fi\/wp-json\/wp\/v2\/pages"}],"about":[{"href":"https:\/\/valvekliinik.ee\/fi\/wp-json\/wp\/v2\/types\/page"}],"author":[{"embeddable":true,"href":"https:\/\/valvekliinik.ee\/fi\/wp-json\/wp\/v2\/users\/3"}],"replies":[{"embeddable":true,"href":"https:\/\/valvekliinik.ee\/fi\/wp-json\/wp\/v2\/comments?post=28502"}],"version-history":[{"count":0,"href":"https:\/\/valvekliinik.ee\/fi\/wp-json\/wp\/v2\/pages\/28502\/revisions"}],"wp:attachment":[{"href":"https:\/\/valvekliinik.ee\/fi\/wp-json\/wp\/v2\/media?parent=28502"}],"curies":[{"name":"wp","href":"https:\/\/api.w.org\/{rel}","templated":true}]}}