{"id":32499,"date":"2025-02-25T15:36:29","date_gmt":"2025-02-25T13:36:29","guid":{"rendered":"https:\/\/valvekliinik.ee\/veebivestlus\/"},"modified":"2026-03-28T22:41:41","modified_gmt":"2026-03-28T20:41:41","slug":"online-appointment","status":"publish","type":"page","link":"https:\/\/valvekliinik.ee\/en\/online-appointment\/","title":{"rendered":"Online Appointment"},"content":{"rendered":"\t\t<div data-elementor-type=\"wp-page\" data-elementor-id=\"32499\" class=\"elementor elementor-32499 elementor-32496\" data-elementor-post-type=\"page\">\n\t\t\t\t\t\t<section class=\"ob-is-breaking-bad elementor-section elementor-top-section elementor-element elementor-element-cbaf9bc elementor-section-boxed elementor-section-height-default elementor-section-height-default\" data-id=\"cbaf9bc\" data-element_type=\"section\" data-settings=\"{&quot;jet_parallax_layout_list&quot;:[{&quot;jet_parallax_layout_image&quot;:{&quot;url&quot;:&quot;&quot;,&quot;id&quot;:&quot;&quot;,&quot;size&quot;:&quot;&quot;},&quot;_id&quot;:&quot;a4c4388&quot;,&quot;jet_parallax_layout_image_tablet&quot;:{&quot;url&quot;:&quot;&quot;,&quot;id&quot;:&quot;&quot;,&quot;size&quot;:&quot;&quot;},&quot;jet_parallax_layout_image_mobile&quot;:{&quot;url&quot;:&quot;&quot;,&quot;id&quot;:&quot;&quot;,&quot;size&quot;:&quot;&quot;},&quot;jet_parallax_layout_speed&quot;:{&quot;unit&quot;:&quot;%&quot;,&quot;size&quot;:50,&quot;sizes&quot;:[]},&quot;jet_parallax_layout_type&quot;:&quot;scroll&quot;,&quot;jet_parallax_layout_direction&quot;:&quot;1&quot;,&quot;jet_parallax_layout_fx_direction&quot;:null,&quot;jet_parallax_layout_z_index&quot;:&quot;&quot;,&quot;jet_parallax_layout_bg_x&quot;:50,&quot;jet_parallax_layout_bg_x_tablet&quot;:&quot;&quot;,&quot;jet_parallax_layout_bg_x_mobile&quot;:&quot;&quot;,&quot;jet_parallax_layout_bg_y&quot;:50,&quot;jet_parallax_layout_bg_y_tablet&quot;:&quot;&quot;,&quot;jet_parallax_layout_bg_y_mobile&quot;:&quot;&quot;,&quot;jet_parallax_layout_bg_size&quot;:&quot;auto&quot;,&quot;jet_parallax_layout_bg_size_tablet&quot;:&quot;&quot;,&quot;jet_parallax_layout_bg_size_mobile&quot;:&quot;&quot;,&quot;jet_parallax_layout_animation_prop&quot;:&quot;transform&quot;,&quot;jet_parallax_layout_on&quot;:[&quot;desktop&quot;,&quot;tablet&quot;]}],&quot;background_background&quot;:&quot;classic&quot;,&quot;_ob_bbad_use_it&quot;:&quot;yes&quot;,&quot;_ob_bbad_sssic_use&quot;:&quot;no&quot;,&quot;_ob_glider_is_slider&quot;:&quot;no&quot;}\">\n\t\t\t\t\t\t<div class=\"elementor-container elementor-column-gap-default\">\n\t\t\t\t\t<div class=\"elementor-column elementor-col-100 elementor-top-column elementor-element elementor-element-f276a59\" data-id=\"f276a59\" data-element_type=\"column\" data-settings=\"{&quot;background_background&quot;:&quot;classic&quot;,&quot;_ob_bbad_is_stalker&quot;:&quot;no&quot;,&quot;_ob_teleporter_use&quot;:false,&quot;_ob_column_hoveranimator&quot;:&quot;no&quot;,&quot;_ob_column_has_pseudo&quot;:&quot;no&quot;}\">\n\t\t\t<div class=\"elementor-widget-wrap elementor-element-populated\">\n\t\t\t\t\t<div class=\"elementor-background-overlay\"><\/div>\n\t\t\t\t\t\t<div class=\"elementor-element elementor-element-423220f ob-harakiri-inherit ob-has-background-overlay elementor-widget elementor-widget-text-editor\" data-id=\"423220f\" data-element_type=\"widget\" data-settings=\"{&quot;_ob_use_harakiri&quot;:&quot;yes&quot;,&quot;_ob_harakiri_writing_mode&quot;:&quot;inherit&quot;,&quot;_ob_postman_use&quot;:&quot;no&quot;,&quot;_ob_perspektive_use&quot;:&quot;no&quot;,&quot;_ob_poopart_use&quot;:&quot;yes&quot;,&quot;_ob_shadough_use&quot;:&quot;no&quot;,&quot;_ob_allow_hoveranimator&quot;:&quot;no&quot;,&quot;_ob_widget_stalker_use&quot;:&quot;no&quot;}\" data-widget_type=\"text-editor.default\">\n\t\t\t\t<div class=\"elementor-widget-container\">\n\t\t\t\t\t\t\t\t\t<div class=\"elementor-element elementor-element-1579b35c ob-harakiri-inherit ob-has-background-overlay elementor-widget elementor-widget-text-editor ob-harakiri\" data-id=\"1579b35c\" data-element_type=\"widget\" data-settings=\"{&quot;_ob_use_harakiri&quot;:&quot;yes&quot;,&quot;_ob_harakiri_writing_mode&quot;:&quot;inherit&quot;,&quot;_ob_postman_use&quot;:&quot;no&quot;,&quot;_ob_perspektive_use&quot;:&quot;no&quot;,&quot;_ob_poopart_use&quot;:&quot;yes&quot;,&quot;_ob_shadough_use&quot;:&quot;no&quot;,&quot;_ob_allow_hoveranimator&quot;:&quot;no&quot;,&quot;_ob_widget_stalker_use&quot;:&quot;no&quot;}\" data-widget_type=\"text-editor.default\"><div class=\"elementor-widget-container\">Fast, quality care for urgent and chronic health issues, also available outside working hours and on Saturdays<\/div><\/div>\t\t\t\t\t\t\t\t<\/div>\n\t\t\t\t<\/div>\n\t\t\t\t<div class=\"elementor-element elementor-element-b908361 ob-harakiri-inherit ob-has-background-overlay elementor-widget elementor-widget-heading\" data-id=\"b908361\" data-element_type=\"widget\" data-settings=\"{&quot;_ob_use_harakiri&quot;:&quot;yes&quot;,&quot;_ob_harakiri_writing_mode&quot;:&quot;inherit&quot;,&quot;_ob_harakiri_text_clip&quot;:&quot;none&quot;,&quot;_ob_perspektive_use&quot;:&quot;no&quot;,&quot;_ob_poopart_use&quot;:&quot;yes&quot;,&quot;_ob_shadough_use&quot;:&quot;no&quot;,&quot;_ob_allow_hoveranimator&quot;:&quot;no&quot;,&quot;_ob_widget_stalker_use&quot;:&quot;no&quot;}\" data-widget_type=\"heading.default\">\n\t\t\t\t<div class=\"elementor-widget-container\">\n\t\t\t\t\t<h2 class=\"elementor-heading-title elementor-size-default\">Online Appointment<\/h2>\t\t\t\t<\/div>\n\t\t\t\t<\/div>\n\t\t\t\t<div class=\"elementor-element elementor-element-6b3c112 elementor-widget-divider--view-line ob-has-background-overlay elementor-widget elementor-widget-divider\" data-id=\"6b3c112\" data-element_type=\"widget\" data-settings=\"{&quot;_ob_perspektive_use&quot;:&quot;no&quot;,&quot;_ob_poopart_use&quot;:&quot;yes&quot;,&quot;_ob_shadough_use&quot;:&quot;no&quot;,&quot;_ob_allow_hoveranimator&quot;:&quot;no&quot;,&quot;_ob_widget_stalker_use&quot;:&quot;no&quot;}\" data-widget_type=\"divider.default\">\n\t\t\t\t<div class=\"elementor-widget-container\">\n\t\t\t\t\t\t\t<div class=\"elementor-divider\">\n\t\t\t<span class=\"elementor-divider-separator\">\n\t\t\t\t\t\t<\/span>\n\t\t<\/div>\n\t\t\t\t\t\t<\/div>\n\t\t\t\t<\/div>\n\t\t\t\t\t<\/div>\n\t\t<\/div>\n\t\t\t\t\t<\/div>\n\t\t<\/section>\n\t\t\t\t<section class=\"ob-is-breaking-bad elementor-section elementor-top-section elementor-element elementor-element-08d991b elementor-section-boxed elementor-section-height-default elementor-section-height-default\" data-id=\"08d991b\" data-element_type=\"section\" data-settings=\"{&quot;jet_parallax_layout_list&quot;:[],&quot;_ob_bbad_use_it&quot;:&quot;yes&quot;,&quot;_ob_bbad_sssic_use&quot;:&quot;no&quot;,&quot;_ob_glider_is_slider&quot;:&quot;no&quot;}\">\n\t\t\t\t\t\t<div class=\"elementor-container elementor-column-gap-default\">\n\t\t\t\t\t<div class=\"elementor-column elementor-col-100 elementor-top-column elementor-element elementor-element-7a4901c\" data-id=\"7a4901c\" data-element_type=\"column\" data-settings=\"{&quot;_ob_bbad_is_stalker&quot;:&quot;no&quot;,&quot;_ob_teleporter_use&quot;:false,&quot;_ob_column_hoveranimator&quot;:&quot;no&quot;,&quot;_ob_column_has_pseudo&quot;:&quot;no&quot;}\">\n\t\t\t<div class=\"elementor-widget-wrap elementor-element-populated\">\n\t\t\t\t\t\t<div class=\"elementor-element elementor-element-a59205b ob-has-background-overlay elementor-widget elementor-widget-html\" data-id=\"a59205b\" data-element_type=\"widget\" data-settings=\"{&quot;_ob_perspektive_use&quot;:&quot;no&quot;,&quot;_ob_poopart_use&quot;:&quot;yes&quot;,&quot;_ob_shadough_use&quot;:&quot;no&quot;,&quot;_ob_allow_hoveranimator&quot;:&quot;no&quot;,&quot;_ob_widget_stalker_use&quot;:&quot;no&quot;}\" data-widget_type=\"html.default\">\n\t\t\t\t<div class=\"elementor-widget-container\">\n\t\t\t\t\t\n<script>\nwindow.addEventListener('load', function() {\n\n    var button2 = document.querySelector('#btn2');\n\n    function renderAndOpenChatWithDelay() {\n \n            window.openTeliaChat();\n    }\n\n    button2.addEventListener('click', renderAndOpenChatWithDelay);\n\n});\n<\/script>\t\t\t\t<\/div>\n\t\t\t\t<\/div>\n\t\t\t\t<div class=\"elementor-element elementor-element-ebdc420 ob-harakiri-inherit ob-has-background-overlay elementor-widget elementor-widget-heading\" data-id=\"ebdc420\" data-element_type=\"widget\" data-settings=\"{&quot;_ob_use_harakiri&quot;:&quot;yes&quot;,&quot;_ob_harakiri_writing_mode&quot;:&quot;inherit&quot;,&quot;_ob_harakiri_text_clip&quot;:&quot;none&quot;,&quot;_ob_perspektive_use&quot;:&quot;no&quot;,&quot;_ob_poopart_use&quot;:&quot;yes&quot;,&quot;_ob_shadough_use&quot;:&quot;no&quot;,&quot;_ob_allow_hoveranimator&quot;:&quot;no&quot;,&quot;_ob_widget_stalker_use&quot;:&quot;no&quot;}\" data-widget_type=\"heading.default\">\n\t\t\t\t<div class=\"elementor-widget-container\">\n\t\t\t\t\t<h2 class=\"elementor-heading-title elementor-size-default\">Valvekliinik Online Appointment \u2013 fast and convenient medical care via online chat, no matter where you are!<\/h2>\t\t\t\t<\/div>\n\t\t\t\t<\/div>\n\t\t\t\t<div class=\"elementor-element elementor-element-a225aa0 ob-harakiri-inherit ob-has-background-overlay elementor-widget elementor-widget-text-editor\" data-id=\"a225aa0\" data-element_type=\"widget\" data-settings=\"{&quot;_ob_use_harakiri&quot;:&quot;yes&quot;,&quot;_ob_harakiri_writing_mode&quot;:&quot;inherit&quot;,&quot;_ob_postman_use&quot;:&quot;no&quot;,&quot;_ob_perspektive_use&quot;:&quot;no&quot;,&quot;_ob_poopart_use&quot;:&quot;yes&quot;,&quot;_ob_shadough_use&quot;:&quot;no&quot;,&quot;_ob_allow_hoveranimator&quot;:&quot;no&quot;,&quot;_ob_widget_stalker_use&quot;:&quot;no&quot;}\" data-widget_type=\"text-editor.default\">\n\t\t\t\t<div class=\"elementor-widget-container\">\n\t\t\t\t\t\t\t\t\t<p><span style=\"font-weight: 400;\">Do you need medical assistance but prefer to avoid waiting in line, or is attending a physical appointment simply not possible?<\/span><\/p><p><b>Valvekliinik Online Appointment<\/b><span style=\"font-weight: 400;\"> allows you to receive medical care via online consultation, wherever you are. You can also ask for additional information about Valvekliinik\u00b4s services and available appointment times.<\/span><\/p><p><span style=\"font-weight: 400;\">Our healthcare professionals are available for Online Appointment via chat <\/span><b>Monday\u2013Friday <\/b><span style=\"font-weight: 400;\">9:00\u201318:00 &amp; <\/span><b>Saturdays<\/b><span style=\"font-weight: 400;\"> 12:00\u201316:00.<\/span><\/p><p><span style=\"font-weight: 400;\">Consultation fee 20 EUR.<\/span><\/p>\t\t\t\t\t\t\t\t<\/div>\n\t\t\t\t<\/div>\n\t\t\t\t<div class=\"elementor-element elementor-element-329cb83 ob-harakiri-inherit ob-has-background-overlay elementor-widget elementor-widget-heading\" data-id=\"329cb83\" data-element_type=\"widget\" data-settings=\"{&quot;_ob_use_harakiri&quot;:&quot;yes&quot;,&quot;_ob_harakiri_writing_mode&quot;:&quot;inherit&quot;,&quot;_ob_harakiri_text_clip&quot;:&quot;none&quot;,&quot;_ob_perspektive_use&quot;:&quot;no&quot;,&quot;_ob_poopart_use&quot;:&quot;yes&quot;,&quot;_ob_shadough_use&quot;:&quot;no&quot;,&quot;_ob_allow_hoveranimator&quot;:&quot;no&quot;,&quot;_ob_widget_stalker_use&quot;:&quot;no&quot;}\" data-widget_type=\"heading.default\">\n\t\t\t\t<div class=\"elementor-widget-container\">\n\t\t\t\t\t<h2 class=\"elementor-heading-title elementor-size-default\">Which health concerns can be addressed via the Valvekliinik Online Appointment service?<\/h2>\t\t\t\t<\/div>\n\t\t\t\t<\/div>\n\t\t\t\t<div class=\"elementor-element elementor-element-9f471d6 ob-harakiri-inherit ob-has-background-overlay elementor-widget elementor-widget-text-editor\" data-id=\"9f471d6\" data-element_type=\"widget\" data-settings=\"{&quot;_ob_use_harakiri&quot;:&quot;yes&quot;,&quot;_ob_harakiri_writing_mode&quot;:&quot;inherit&quot;,&quot;_ob_postman_use&quot;:&quot;no&quot;,&quot;_ob_perspektive_use&quot;:&quot;no&quot;,&quot;_ob_poopart_use&quot;:&quot;yes&quot;,&quot;_ob_shadough_use&quot;:&quot;no&quot;,&quot;_ob_allow_hoveranimator&quot;:&quot;no&quot;,&quot;_ob_widget_stalker_use&quot;:&quot;no&quot;}\" data-widget_type=\"text-editor.default\">\n\t\t\t\t<div class=\"elementor-widget-container\">\n\t\t\t\t\t\t\t\t\t<p><span style=\"font-weight: 400;\">The Valvekliinik Online Appointment<\/span> <span style=\"font-weight: 400;\">is suitable for all health concerns that do not require an immediate physical examination.\u00a0 If necessary, additional information may be requested.<\/span><\/p><ul><li style=\"font-weight: 400;\" aria-level=\"1\"><span style=\"font-weight: 400;\">Acute illness: fever, runny or blocked nose, cough or other viral infection symptoms<\/span><\/li><li style=\"font-weight: 400;\" aria-level=\"1\"><span style=\"font-weight: 400;\">Children\u2019s health concerns: acute illness, fever, rashes, eye infections, etc<\/span><\/li><li style=\"font-weight: 400;\" aria-level=\"1\"><span style=\"font-weight: 400;\">Sick leave or caregiver\u2019s leave issuance<\/span><\/li><li style=\"font-weight: 400;\" aria-level=\"1\"><span style=\"font-weight: 400;\">Eye problems, skin rashes, insect bites<\/span><\/li><li style=\"font-weight: 400;\" aria-level=\"1\"><span style=\"font-weight: 400;\">Urinary issues: painful or frequent urination, burning sensation, lower back and\/or abdominal pain<\/span><\/li><li style=\"font-weight: 400;\" aria-level=\"1\"><span style=\"font-weight: 400;\">Digestive issues: diarrhea, abdominal pain, vomiting<\/span><\/li><li style=\"font-weight: 400;\" aria-level=\"1\"><span style=\"font-weight: 400;\">Allergies: runny nose, sneezing, nasal congestion, itchy eyes and nose, red and itchy eyes<\/span><\/li><li style=\"font-weight: 400;\" aria-level=\"1\"><span style=\"font-weight: 400;\">Sexual health and suspected sexually transmitted infections<\/span><\/li><li style=\"font-weight: 400;\" aria-level=\"1\"><span style=\"font-weight: 400;\">Mental health concerns<\/span><\/li><\/ul><p><span style=\"font-weight: 400;\">Repeat prescription renewal for previously diagnosed chronic conditions. <\/span><b>Online consultations do not provide prescriptions for sleep medications, sedatives, or strong painkillers<\/b><\/p>\t\t\t\t\t\t\t\t<\/div>\n\t\t\t\t<\/div>\n\t\t\t\t<div class=\"elementor-element elementor-element-1b109d5 ob-harakiri-inherit ob-has-background-overlay elementor-widget elementor-widget-heading\" data-id=\"1b109d5\" data-element_type=\"widget\" data-settings=\"{&quot;_ob_use_harakiri&quot;:&quot;yes&quot;,&quot;_ob_harakiri_writing_mode&quot;:&quot;inherit&quot;,&quot;_ob_harakiri_text_clip&quot;:&quot;none&quot;,&quot;_ob_perspektive_use&quot;:&quot;no&quot;,&quot;_ob_poopart_use&quot;:&quot;yes&quot;,&quot;_ob_shadough_use&quot;:&quot;no&quot;,&quot;_ob_allow_hoveranimator&quot;:&quot;no&quot;,&quot;_ob_widget_stalker_use&quot;:&quot;no&quot;}\" data-widget_type=\"heading.default\">\n\t\t\t\t<div class=\"elementor-widget-container\">\n\t\t\t\t\t<h2 class=\"elementor-heading-title elementor-size-default\">How to use the Valvekliinik Online Appointment service?<\/h2>\t\t\t\t<\/div>\n\t\t\t\t<\/div>\n\t\t\t\t<div class=\"elementor-element elementor-element-d58bfb4 ob-harakiri-inherit ob-has-background-overlay elementor-widget elementor-widget-text-editor\" data-id=\"d58bfb4\" data-element_type=\"widget\" data-settings=\"{&quot;_ob_use_harakiri&quot;:&quot;yes&quot;,&quot;_ob_harakiri_writing_mode&quot;:&quot;inherit&quot;,&quot;_ob_postman_use&quot;:&quot;no&quot;,&quot;_ob_perspektive_use&quot;:&quot;no&quot;,&quot;_ob_poopart_use&quot;:&quot;yes&quot;,&quot;_ob_shadough_use&quot;:&quot;no&quot;,&quot;_ob_allow_hoveranimator&quot;:&quot;no&quot;,&quot;_ob_widget_stalker_use&quot;:&quot;no&quot;}\" data-widget_type=\"text-editor.default\">\n\t\t\t\t<div class=\"elementor-widget-container\">\n\t\t\t\t\t\t\t\t\t<ol><li style=\"font-weight: 400;\" aria-level=\"1\"><ol><li style=\"font-weight: 400;\" aria-level=\"1\"><b>Access the online chat<\/b><span style=\"font-weight: 400;\"> on the Valvekliinik\u00b4s website (Link\/Nupp).There is no need to download a separate application.<\/span><\/li><li style=\"font-weight: 400;\" aria-level=\"1\"><b>Start the chat. <\/b><span style=\"font-weight: 400;\">You will be asked to select the service you need:<\/span><\/li><\/ol><ul><li style=\"font-weight: 400;\" aria-level=\"1\"><span style=\"font-weight: 400;\">Consultation with a healthcare professional \u2013 for yourself or a child<\/span><\/li><\/ul><ul><li style=\"font-weight: 400;\" aria-level=\"1\"><span style=\"font-weight: 400;\">Renewal of repeat prescriptions for chronic conditions<\/span><\/li><\/ul><ul><li style=\"font-weight: 400;\" aria-level=\"1\"><span style=\"font-weight: 400;\">Information about Valvekliinik\u00b4s services and available appointment times<\/span><\/li><\/ul><ol><li style=\"font-weight: 400;\" aria-level=\"1\"><b>Verify your identity<\/b><span style=\"font-weight: 400;\"> using Smart-ID or Mobile-ID.\u00a0<\/span><\/li><li style=\"font-weight: 400;\" aria-level=\"1\"><b>Make the payment<\/b><span style=\"font-weight: 400;\"> via payment link provided.<\/span><\/li><li style=\"font-weight: 400;\" aria-level=\"1\"><b>The consultation can begin<\/b><span style=\"font-weight: 400;\"> once the payment has been received.<\/span><\/li><\/ol><p><b>Important information regarding service<\/b><\/p><ul><li style=\"list-style-type: none;\"><ul><li style=\"font-weight: 400;\" aria-level=\"1\"><span style=\"font-weight: 400;\">Consultation regarding <\/span><b>Valvekliinik\u2019s services and appointment times <\/b><span style=\"font-weight: 400;\">is always <\/span><b>free<\/b><span style=\"font-weight: 400;\">.<\/span><\/li><li style=\"font-weight: 400;\" aria-level=\"1\"><span style=\"font-weight: 400;\">During the consultation, <\/span><b>one health issue<\/b><span style=\"font-weight: 400;\"> can be addressed.<\/span><\/li><\/ul><\/li><\/ul><ul><li aria-level=\"1\"><span style=\"font-weight: 400;\">All consultations are recorded in <\/span><b>the Health Portal<\/b> <b>(<\/b><a href=\"http:\/\/www.terviseportaal.ee\/\"><b>www.terviseportaal.ee<\/b><\/a><b>).<\/b><\/li><\/ul><\/li><\/ol>\t\t\t\t\t\t\t\t<\/div>\n\t\t\t\t<\/div>\n\t\t\t\t<div class=\"elementor-element elementor-element-6d980f4 ob-has-background-overlay elementor-widget elementor-widget-button\" data-id=\"6d980f4\" data-element_type=\"widget\" id=\"btn2\" data-settings=\"{&quot;_ob_butterbutton_use_it&quot;:&quot;no&quot;,&quot;_ob_perspektive_use&quot;:&quot;no&quot;,&quot;_ob_poopart_use&quot;:&quot;yes&quot;,&quot;_ob_shadough_use&quot;:&quot;no&quot;,&quot;_ob_allow_hoveranimator&quot;:&quot;no&quot;,&quot;_ob_widget_stalker_use&quot;:&quot;no&quot;}\" data-widget_type=\"button.default\">\n\t\t\t\t<div class=\"elementor-widget-container\">\n\t\t\t\t\t\t\t\t\t<div class=\"elementor-button-wrapper\">\n\t\t\t\t\t<a class=\"elementor-button elementor-button-link elementor-size-sm\" href=\"#\">\n\t\t\t\t\t\t<span class=\"elementor-button-content-wrapper\">\n\t\t\t\t\t\t\t\t\t<span class=\"elementor-button-text\">Start consultation<\/span>\n\t\t\t\t\t<\/span>\n\t\t\t\t\t<\/a>\n\t\t\t\t<\/div>\n\t\t\t\t\t\t\t\t<\/div>\n\t\t\t\t<\/div>\n\t\t\t\t\t<\/div>\n\t\t<\/div>\n\t\t\t\t\t<\/div>\n\t\t<\/section>\n\t\t\t\t<\/div>\n\t\t","protected":false},"excerpt":{"rendered":"<p>Fast, quality care for urgent and chronic health issues, also available outside working hours and on Saturdays Online Appointment Valvekliinik Online Appointment \u2013 fast and convenient medical care via online chat, no matter where you are! Do you need medical assistance but prefer to avoid waiting in line, or is attending a physical appointment simply [&hellip;]<\/p>\n","protected":false},"author":3,"featured_media":0,"parent":0,"menu_order":0,"comment_status":"closed","ping_status":"closed","template":"elementor_header_footer","meta":{"footnotes":""},"class_list":["post-32499","page","type-page","status-publish","hentry"],"yoast_head":"<!-- This site is optimized with the Yoast SEO plugin v26.6 - https:\/\/yoast.com\/wordpress\/plugins\/seo\/ -->\n<title>Online Appointment - Valvekliinik<\/title>\n<meta name=\"robots\" content=\"index, follow, max-snippet:-1, max-image-preview:large, max-video-preview:-1\" \/>\n<link rel=\"canonical\" href=\"https:\/\/valvekliinik.ee\/veebivestlus\/\" \/>\n<meta property=\"og:locale\" content=\"en_US\" \/>\n<meta property=\"og:type\" content=\"article\" \/>\n<meta property=\"og:title\" content=\"Online Appointment - Valvekliinik\" \/>\n<meta property=\"og:description\" content=\"Fast, quality care for urgent and chronic health issues, also available outside working hours and on Saturdays Online Appointment Valvekliinik Online Appointment \u2013 fast and convenient medical care via online chat, no matter where you are! Do you need medical assistance but prefer to avoid waiting in line, or is attending a physical appointment simply [&hellip;]\" \/>\n<meta property=\"og:url\" content=\"https:\/\/valvekliinik.ee\/veebivestlus\/\" \/>\n<meta property=\"og:site_name\" content=\"Valvekliinik\" \/>\n<meta property=\"article:modified_time\" content=\"2026-03-28T20:41:41+00:00\" \/>\n<meta name=\"twitter:card\" content=\"summary_large_image\" \/>\n<meta name=\"twitter:label1\" content=\"Est. reading time\" \/>\n\t<meta name=\"twitter:data1\" content=\"2 minutes\" \/>\n<script type=\"application\/ld+json\" class=\"yoast-schema-graph\">{\"@context\":\"https:\/\/schema.org\",\"@graph\":[{\"@type\":\"WebPage\",\"@id\":\"https:\/\/valvekliinik.ee\/veebivestlus\/\",\"url\":\"https:\/\/valvekliinik.ee\/veebivestlus\/\",\"name\":\"Online Appointment - Valvekliinik\",\"isPartOf\":{\"@id\":\"https:\/\/valvekliinik.ee\/#website\"},\"datePublished\":\"2025-02-25T13:36:29+00:00\",\"dateModified\":\"2026-03-28T20:41:41+00:00\",\"breadcrumb\":{\"@id\":\"https:\/\/valvekliinik.ee\/veebivestlus\/#breadcrumb\"},\"inLanguage\":\"en-US\",\"potentialAction\":[{\"@type\":\"ReadAction\",\"target\":[\"https:\/\/valvekliinik.ee\/veebivestlus\/\"]}]},{\"@type\":\"BreadcrumbList\",\"@id\":\"https:\/\/valvekliinik.ee\/veebivestlus\/#breadcrumb\",\"itemListElement\":[{\"@type\":\"ListItem\",\"position\":1,\"name\":\"Home\",\"item\":\"https:\/\/valvekliinik.ee\/\"},{\"@type\":\"ListItem\",\"position\":2,\"name\":\"Online Appointment\"}]},{\"@type\":\"WebSite\",\"@id\":\"https:\/\/valvekliinik.ee\/#website\",\"url\":\"https:\/\/valvekliinik.ee\/\",\"name\":\"Valvekliinik\",\"description\":\"Tallinna s\u00fcdalinnas arsti vastuv\u00f5tt samal p\u00e4eval E-R 09 - 20 ja laup\u00e4eviti 12 - 16\",\"publisher\":{\"@id\":\"https:\/\/valvekliinik.ee\/#organization\"},\"potentialAction\":[{\"@type\":\"SearchAction\",\"target\":{\"@type\":\"EntryPoint\",\"urlTemplate\":\"https:\/\/valvekliinik.ee\/?s={search_term_string}\"},\"query-input\":{\"@type\":\"PropertyValueSpecification\",\"valueRequired\":true,\"valueName\":\"search_term_string\"}}],\"inLanguage\":\"en-US\"},{\"@type\":\"Organization\",\"@id\":\"https:\/\/valvekliinik.ee\/#organization\",\"name\":\"Valvekliinik\",\"url\":\"https:\/\/valvekliinik.ee\/\",\"logo\":{\"@type\":\"ImageObject\",\"inLanguage\":\"en-US\",\"@id\":\"https:\/\/valvekliinik.ee\/#\/schema\/logo\/image\/\",\"url\":\"https:\/\/valvekliinik.ee\/wp-content\/uploads\/2021\/08\/vk-logo.svg\",\"contentUrl\":\"https:\/\/valvekliinik.ee\/wp-content\/uploads\/2021\/08\/vk-logo.svg\",\"width\":212,\"height\":59,\"caption\":\"Valvekliinik\"},\"image\":{\"@id\":\"https:\/\/valvekliinik.ee\/#\/schema\/logo\/image\/\"}}]}<\/script>\n<!-- \/ Yoast SEO plugin. -->","yoast_head_json":{"title":"Online Appointment - Valvekliinik","robots":{"index":"index","follow":"follow","max-snippet":"max-snippet:-1","max-image-preview":"max-image-preview:large","max-video-preview":"max-video-preview:-1"},"canonical":"https:\/\/valvekliinik.ee\/veebivestlus\/","og_locale":"en_US","og_type":"article","og_title":"Online Appointment - Valvekliinik","og_description":"Fast, quality care for urgent and chronic health issues, also available outside working hours and on Saturdays Online Appointment Valvekliinik Online Appointment \u2013 fast and convenient medical care via online chat, no matter where you are! Do you need medical assistance but prefer to avoid waiting in line, or is attending a physical appointment simply [&hellip;]","og_url":"https:\/\/valvekliinik.ee\/veebivestlus\/","og_site_name":"Valvekliinik","article_modified_time":"2026-03-28T20:41:41+00:00","twitter_card":"summary_large_image","twitter_misc":{"Est. reading time":"2 minutes"},"schema":{"@context":"https:\/\/schema.org","@graph":[{"@type":"WebPage","@id":"https:\/\/valvekliinik.ee\/veebivestlus\/","url":"https:\/\/valvekliinik.ee\/veebivestlus\/","name":"Online Appointment - Valvekliinik","isPartOf":{"@id":"https:\/\/valvekliinik.ee\/#website"},"datePublished":"2025-02-25T13:36:29+00:00","dateModified":"2026-03-28T20:41:41+00:00","breadcrumb":{"@id":"https:\/\/valvekliinik.ee\/veebivestlus\/#breadcrumb"},"inLanguage":"en-US","potentialAction":[{"@type":"ReadAction","target":["https:\/\/valvekliinik.ee\/veebivestlus\/"]}]},{"@type":"BreadcrumbList","@id":"https:\/\/valvekliinik.ee\/veebivestlus\/#breadcrumb","itemListElement":[{"@type":"ListItem","position":1,"name":"Home","item":"https:\/\/valvekliinik.ee\/"},{"@type":"ListItem","position":2,"name":"Online Appointment"}]},{"@type":"WebSite","@id":"https:\/\/valvekliinik.ee\/#website","url":"https:\/\/valvekliinik.ee\/","name":"Valvekliinik","description":"Tallinna s\u00fcdalinnas arsti vastuv\u00f5tt samal p\u00e4eval E-R 09 - 20 ja laup\u00e4eviti 12 - 16","publisher":{"@id":"https:\/\/valvekliinik.ee\/#organization"},"potentialAction":[{"@type":"SearchAction","target":{"@type":"EntryPoint","urlTemplate":"https:\/\/valvekliinik.ee\/?s={search_term_string}"},"query-input":{"@type":"PropertyValueSpecification","valueRequired":true,"valueName":"search_term_string"}}],"inLanguage":"en-US"},{"@type":"Organization","@id":"https:\/\/valvekliinik.ee\/#organization","name":"Valvekliinik","url":"https:\/\/valvekliinik.ee\/","logo":{"@type":"ImageObject","inLanguage":"en-US","@id":"https:\/\/valvekliinik.ee\/#\/schema\/logo\/image\/","url":"https:\/\/valvekliinik.ee\/wp-content\/uploads\/2021\/08\/vk-logo.svg","contentUrl":"https:\/\/valvekliinik.ee\/wp-content\/uploads\/2021\/08\/vk-logo.svg","width":212,"height":59,"caption":"Valvekliinik"},"image":{"@id":"https:\/\/valvekliinik.ee\/#\/schema\/logo\/image\/"}}]}},"_links":{"self":[{"href":"https:\/\/valvekliinik.ee\/en\/wp-json\/wp\/v2\/pages\/32499","targetHints":{"allow":["GET"]}}],"collection":[{"href":"https:\/\/valvekliinik.ee\/en\/wp-json\/wp\/v2\/pages"}],"about":[{"href":"https:\/\/valvekliinik.ee\/en\/wp-json\/wp\/v2\/types\/page"}],"author":[{"embeddable":true,"href":"https:\/\/valvekliinik.ee\/en\/wp-json\/wp\/v2\/users\/3"}],"replies":[{"embeddable":true,"href":"https:\/\/valvekliinik.ee\/en\/wp-json\/wp\/v2\/comments?post=32499"}],"version-history":[{"count":3,"href":"https:\/\/valvekliinik.ee\/en\/wp-json\/wp\/v2\/pages\/32499\/revisions"}],"predecessor-version":[{"id":32723,"href":"https:\/\/valvekliinik.ee\/en\/wp-json\/wp\/v2\/pages\/32499\/revisions\/32723"}],"wp:attachment":[{"href":"https:\/\/valvekliinik.ee\/en\/wp-json\/wp\/v2\/media?parent=32499"}],"curies":[{"name":"wp","href":"https:\/\/api.w.org\/{rel}","templated":true}]}}