{"id":28501,"date":"2021-06-28T13:38:18","date_gmt":"2021-06-28T10:38:18","guid":{"rendered":"https:\/\/valvekliinik.ee\/?page_id=28501"},"modified":"2021-06-28T13:41:48","modified_gmt":"2021-06-28T10:41:48","slug":"covid19-thank-you","status":"publish","type":"page","link":"https:\/\/valvekliinik.ee\/en\/covid19-thank-you\/","title":{"rendered":"covid19-thank you"},"content":{"rendered":"\t\t<div data-elementor-type=\"wp-page\" data-elementor-id=\"28501\" class=\"elementor elementor-28501 elementor-28350\" data-elementor-post-type=\"page\">\n\t\t\t\t\t\t<section class=\"ob-is-breaking-bad elementor-section elementor-top-section elementor-element elementor-element-fc67ed9 elementor-section-boxed elementor-section-height-default elementor-section-height-default\" data-id=\"fc67ed9\" data-element_type=\"section\" data-settings=\"{&quot;_ob_bbad_use_it&quot;:&quot;yes&quot;,&quot;_ob_bbad_sssic_use&quot;:&quot;no&quot;,&quot;_ob_glider_is_slider&quot;:&quot;no&quot;,&quot;jet_parallax_layout_list&quot;:[]}\">\n\t\t\t\t\t\t<div class=\"elementor-container elementor-column-gap-default\">\n\t\t\t\t\t<div class=\"elementor-column elementor-col-100 elementor-top-column elementor-element elementor-element-e5b0d21\" data-id=\"e5b0d21\" data-element_type=\"column\" data-settings=\"{&quot;background_background&quot;:&quot;classic&quot;,&quot;_ob_bbad_is_stalker&quot;:&quot;no&quot;,&quot;_ob_teleporter_use&quot;:false,&quot;_ob_column_hoveranimator&quot;:&quot;no&quot;,&quot;_ob_column_has_pseudo&quot;:&quot;no&quot;}\">\n\t\t\t<div class=\"elementor-widget-wrap elementor-element-populated\">\n\t\t\t\t\t\t<div class=\"elementor-element elementor-element-8f69032 ob-harakiri-inherit ob-has-background-overlay elementor-widget elementor-widget-heading\" data-id=\"8f69032\" data-element_type=\"widget\" data-settings=\"{&quot;_ob_use_harakiri&quot;:&quot;yes&quot;,&quot;_ob_harakiri_writing_mode&quot;:&quot;inherit&quot;,&quot;_ob_harakiri_text_clip&quot;:&quot;none&quot;,&quot;_ob_perspektive_use&quot;:&quot;no&quot;,&quot;_ob_poopart_use&quot;:&quot;yes&quot;,&quot;_ob_shadough_use&quot;:&quot;no&quot;,&quot;_ob_allow_hoveranimator&quot;:&quot;no&quot;,&quot;_ob_widget_stalker_use&quot;:&quot;no&quot;}\" data-widget_type=\"heading.default\">\n\t\t\t\t<div class=\"elementor-widget-container\">\n\t\t\t\t\t<h2 class=\"elementor-heading-title elementor-size-default\">The application has been sent, thank you!<\/h2>\t\t\t\t<\/div>\n\t\t\t\t<\/div>\n\t\t\t\t<div class=\"elementor-element elementor-element-e2c5bcc ob-harakiri-inherit ob-has-background-overlay elementor-widget elementor-widget-heading\" data-id=\"e2c5bcc\" data-element_type=\"widget\" data-settings=\"{&quot;_ob_use_harakiri&quot;:&quot;yes&quot;,&quot;_ob_harakiri_writing_mode&quot;:&quot;inherit&quot;,&quot;_ob_harakiri_text_clip&quot;:&quot;none&quot;,&quot;_ob_perspektive_use&quot;:&quot;no&quot;,&quot;_ob_poopart_use&quot;:&quot;yes&quot;,&quot;_ob_shadough_use&quot;:&quot;no&quot;,&quot;_ob_allow_hoveranimator&quot;:&quot;no&quot;,&quot;_ob_widget_stalker_use&quot;:&quot;no&quot;}\" data-widget_type=\"heading.default\">\n\t\t\t\t<div class=\"elementor-widget-container\">\n\t\t\t\t\t<h2 class=\"elementor-heading-title elementor-size-default\">We will first check Your data and then we will send you an invoice. The certificate will be provided as soon as we have received the payment.<\/h2>\t\t\t\t<\/div>\n\t\t\t\t<\/div>\n\t\t\t\t\t<\/div>\n\t\t<\/div>\n\t\t\t\t\t<\/div>\n\t\t<\/section>\n\t\t\t\t<section class=\"ob-is-breaking-bad elementor-section elementor-top-section elementor-element elementor-element-7444ced elementor-section-boxed elementor-section-height-default elementor-section-height-default\" data-id=\"7444ced\" data-element_type=\"section\" data-settings=\"{&quot;_ob_bbad_use_it&quot;:&quot;yes&quot;,&quot;_ob_bbad_sssic_use&quot;:&quot;no&quot;,&quot;_ob_glider_is_slider&quot;:&quot;no&quot;,&quot;jet_parallax_layout_list&quot;:[]}\">\n\t\t\t\t\t\t<div class=\"elementor-container elementor-column-gap-default\">\n\t\t\t\t\t<div class=\"elementor-column elementor-col-50 elementor-top-column elementor-element elementor-element-0574ddd\" data-id=\"0574ddd\" data-element_type=\"column\" data-settings=\"{&quot;_ob_bbad_is_stalker&quot;:&quot;no&quot;,&quot;_ob_teleporter_use&quot;:false,&quot;_ob_column_hoveranimator&quot;:&quot;no&quot;,&quot;_ob_column_has_pseudo&quot;:&quot;no&quot;}\">\n\t\t\t<div class=\"elementor-widget-wrap elementor-element-populated\">\n\t\t\t\t\t\t<div class=\"elementor-element elementor-element-6513870 ob-harakiri-inherit ob-has-background-overlay elementor-widget elementor-widget-heading\" data-id=\"6513870\" data-element_type=\"widget\" data-settings=\"{&quot;_ob_use_harakiri&quot;:&quot;yes&quot;,&quot;_ob_harakiri_writing_mode&quot;:&quot;inherit&quot;,&quot;_ob_harakiri_text_clip&quot;:&quot;none&quot;,&quot;_ob_perspektive_use&quot;:&quot;no&quot;,&quot;_ob_poopart_use&quot;:&quot;yes&quot;,&quot;_ob_shadough_use&quot;:&quot;no&quot;,&quot;_ob_allow_hoveranimator&quot;:&quot;no&quot;,&quot;_ob_widget_stalker_use&quot;:&quot;no&quot;}\" data-widget_type=\"heading.default\">\n\t\t\t\t<div class=\"elementor-widget-container\">\n\t\t\t\t\t<h2 class=\"elementor-heading-title elementor-size-default\">VALVEKLIINIK<\/h2>\t\t\t\t<\/div>\n\t\t\t\t<\/div>\n\t\t\t\t<div class=\"elementor-element elementor-element-e9db637 ob-harakiri-inherit ob-has-background-overlay elementor-widget elementor-widget-text-editor\" data-id=\"e9db637\" data-element_type=\"widget\" data-settings=\"{&quot;_ob_use_harakiri&quot;:&quot;yes&quot;,&quot;_ob_harakiri_writing_mode&quot;:&quot;inherit&quot;,&quot;_ob_postman_use&quot;:&quot;no&quot;,&quot;_ob_perspektive_use&quot;:&quot;no&quot;,&quot;_ob_poopart_use&quot;:&quot;yes&quot;,&quot;_ob_shadough_use&quot;:&quot;no&quot;,&quot;_ob_allow_hoveranimator&quot;:&quot;no&quot;,&quot;_ob_widget_stalker_use&quot;:&quot;no&quot;}\" data-widget_type=\"text-editor.default\">\n\t\t\t\t<div class=\"elementor-widget-container\">\n\t\t\t\t\t\t\t\t\t<p>Personal and fast medical assistance to all that require it \u2013 <strong>available on the same day!<\/strong><\/p><p>The mission of Valvekliinik is to provide a patient-centered service when it is needed the most. Come to us without a booking or <strong><a href=\"https:\/\/connectedserver.eu\/ConnectedOnlineX\/default.aspx?key=byMuU2Gb&amp;lang=et\"><span style=\"text-decoration: underline;\">book your appointment here<\/span><\/a><\/strong><\/p>\t\t\t\t\t\t\t\t<\/div>\n\t\t\t\t<\/div>\n\t\t\t\t\t<\/div>\n\t\t<\/div>\n\t\t\t\t<div class=\"elementor-column elementor-col-50 elementor-top-column elementor-element elementor-element-d8a50b2\" data-id=\"d8a50b2\" data-element_type=\"column\" data-settings=\"{&quot;background_background&quot;:&quot;classic&quot;,&quot;_ob_bbad_is_stalker&quot;:&quot;no&quot;,&quot;_ob_teleporter_use&quot;:false,&quot;_ob_column_hoveranimator&quot;:&quot;no&quot;,&quot;_ob_column_has_pseudo&quot;:&quot;no&quot;}\">\n\t\t\t<div class=\"elementor-widget-wrap elementor-element-populated\">\n\t\t\t\t\t\t<div class=\"elementor-element elementor-element-0bf8c9c ob-has-background-overlay elementor-widget elementor-widget-image\" data-id=\"0bf8c9c\" data-element_type=\"widget\" data-settings=\"{&quot;_ob_photomorph_use&quot;:&quot;no&quot;,&quot;_ob_perspektive_use&quot;:&quot;no&quot;,&quot;_ob_poopart_use&quot;:&quot;yes&quot;,&quot;_ob_shadough_use&quot;:&quot;no&quot;,&quot;_ob_allow_hoveranimator&quot;:&quot;no&quot;,&quot;_ob_widget_stalker_use&quot;:&quot;no&quot;}\" data-widget_type=\"image.default\">\n\t\t\t\t<div class=\"elementor-widget-container\">\n\t\t\t\t\t\t\t\t\t\t\t\t\t\t\t<img fetchpriority=\"high\" decoding=\"async\" width=\"1080\" height=\"1080\" src=\"https:\/\/valvekliinik.ee\/wp-content\/uploads\/2021\/06\/Untitled-design-6.png\" class=\"attachment-large size-large wp-image-28408\" alt=\"\" srcset=\"https:\/\/valvekliinik.ee\/wp-content\/uploads\/2021\/06\/Untitled-design-6.png 1080w, https:\/\/valvekliinik.ee\/wp-content\/uploads\/2021\/06\/Untitled-design-6-600x600.png 600w, https:\/\/valvekliinik.ee\/wp-content\/uploads\/2021\/06\/Untitled-design-6-768x768.png 768w\" sizes=\"(max-width: 1080px) 100vw, 1080px\" \/>\t\t\t\t\t\t\t\t\t\t\t\t\t\t\t<\/div>\n\t\t\t\t<\/div>\n\t\t\t\t\t<\/div>\n\t\t<\/div>\n\t\t\t\t\t<\/div>\n\t\t<\/section>\n\t\t\t\t<section class=\"ob-is-breaking-bad elementor-section elementor-top-section elementor-element elementor-element-69c7556 elementor-reverse-mobile elementor-section-boxed elementor-section-height-default elementor-section-height-default\" data-id=\"69c7556\" data-element_type=\"section\" data-settings=\"{&quot;_ob_bbad_use_it&quot;:&quot;yes&quot;,&quot;_ob_bbad_sssic_use&quot;:&quot;no&quot;,&quot;_ob_glider_is_slider&quot;:&quot;no&quot;,&quot;jet_parallax_layout_list&quot;:[]}\">\n\t\t\t\t\t\t<div class=\"elementor-container elementor-column-gap-default\">\n\t\t\t\t\t<div class=\"elementor-column elementor-col-50 elementor-top-column elementor-element elementor-element-fb131d5\" data-id=\"fb131d5\" data-element_type=\"column\" data-settings=\"{&quot;background_background&quot;:&quot;classic&quot;,&quot;_ob_bbad_is_stalker&quot;:&quot;no&quot;,&quot;_ob_teleporter_use&quot;:false,&quot;_ob_column_hoveranimator&quot;:&quot;no&quot;,&quot;_ob_column_has_pseudo&quot;:&quot;no&quot;}\">\n\t\t\t<div class=\"elementor-widget-wrap elementor-element-populated\">\n\t\t\t\t\t\t<div class=\"elementor-element elementor-element-6298ad6 ob-has-background-overlay elementor-widget elementor-widget-image\" data-id=\"6298ad6\" data-element_type=\"widget\" data-settings=\"{&quot;_ob_photomorph_use&quot;:&quot;no&quot;,&quot;_ob_perspektive_use&quot;:&quot;no&quot;,&quot;_ob_poopart_use&quot;:&quot;yes&quot;,&quot;_ob_shadough_use&quot;:&quot;no&quot;,&quot;_ob_allow_hoveranimator&quot;:&quot;no&quot;,&quot;_ob_widget_stalker_use&quot;:&quot;no&quot;}\" data-widget_type=\"image.default\">\n\t\t\t\t<div class=\"elementor-widget-container\">\n\t\t\t\t\t\t\t\t\t\t\t\t\t\t\t<img decoding=\"async\" width=\"1080\" height=\"1080\" src=\"https:\/\/valvekliinik.ee\/wp-content\/uploads\/2021\/06\/vk-krete.png\" class=\"attachment-large size-large wp-image-28418\" alt=\"\" srcset=\"https:\/\/valvekliinik.ee\/wp-content\/uploads\/2021\/06\/vk-krete.png 1080w, https:\/\/valvekliinik.ee\/wp-content\/uploads\/2021\/06\/vk-krete-600x600.png 600w, https:\/\/valvekliinik.ee\/wp-content\/uploads\/2021\/06\/vk-krete-768x768.png 768w\" sizes=\"(max-width: 1080px) 100vw, 1080px\" \/>\t\t\t\t\t\t\t\t\t\t\t\t\t\t\t<\/div>\n\t\t\t\t<\/div>\n\t\t\t\t\t<\/div>\n\t\t<\/div>\n\t\t\t\t<div class=\"elementor-column elementor-col-50 elementor-top-column elementor-element elementor-element-0533225\" data-id=\"0533225\" data-element_type=\"column\" data-settings=\"{&quot;_ob_bbad_is_stalker&quot;:&quot;no&quot;,&quot;_ob_teleporter_use&quot;:false,&quot;_ob_column_hoveranimator&quot;:&quot;no&quot;,&quot;_ob_column_has_pseudo&quot;:&quot;no&quot;}\">\n\t\t\t<div class=\"elementor-widget-wrap elementor-element-populated\">\n\t\t\t\t\t\t<div class=\"elementor-element elementor-element-4e973e4 ob-harakiri-inherit ob-has-background-overlay elementor-widget elementor-widget-heading\" data-id=\"4e973e4\" data-element_type=\"widget\" data-settings=\"{&quot;_ob_use_harakiri&quot;:&quot;yes&quot;,&quot;_ob_harakiri_writing_mode&quot;:&quot;inherit&quot;,&quot;_ob_harakiri_text_clip&quot;:&quot;none&quot;,&quot;_ob_perspektive_use&quot;:&quot;no&quot;,&quot;_ob_poopart_use&quot;:&quot;yes&quot;,&quot;_ob_shadough_use&quot;:&quot;no&quot;,&quot;_ob_allow_hoveranimator&quot;:&quot;no&quot;,&quot;_ob_widget_stalker_use&quot;:&quot;no&quot;}\" data-widget_type=\"heading.default\">\n\t\t\t\t<div class=\"elementor-widget-container\">\n\t\t\t\t\t<h2 class=\"elementor-heading-title elementor-size-default\">VALVEKLIINIK GYNECOLOGY AND PREGNANCY CENTER<\/h2>\t\t\t\t<\/div>\n\t\t\t\t<\/div>\n\t\t\t\t<div class=\"elementor-element elementor-element-1e97bca ob-harakiri-inherit ob-has-background-overlay elementor-widget elementor-widget-text-editor\" data-id=\"1e97bca\" data-element_type=\"widget\" data-settings=\"{&quot;_ob_use_harakiri&quot;:&quot;yes&quot;,&quot;_ob_harakiri_writing_mode&quot;:&quot;inherit&quot;,&quot;_ob_postman_use&quot;:&quot;no&quot;,&quot;_ob_perspektive_use&quot;:&quot;no&quot;,&quot;_ob_poopart_use&quot;:&quot;yes&quot;,&quot;_ob_shadough_use&quot;:&quot;no&quot;,&quot;_ob_allow_hoveranimator&quot;:&quot;no&quot;,&quot;_ob_widget_stalker_use&quot;:&quot;no&quot;}\" data-widget_type=\"text-editor.default\">\n\t\t\t\t<div class=\"elementor-widget-container\">\n\t\t\t\t\t\t\t\t\t<p>The gynecologists in Valvekliinik\u2019s Gynecology and Pregnancy Center specialize in women\u2019s health and <a href=\"\/services\">perform state-of-the-art pregnancy and gynecological ultrasound examinations<\/a> with our cutting-edge 3D \/ 4D ultrasound device.<\/p><p>Reception of gynecologists at the Valvekliinik is available also on Saturdays. It is recommended to <strong>book<\/strong> <strong>an<\/strong> <strong>appointment<\/strong> <strong>with a gynecologist in advance.<\/strong><\/p>\t\t\t\t\t\t\t\t<\/div>\n\t\t\t\t<\/div>\n\t\t\t\t\t<\/div>\n\t\t<\/div>\n\t\t\t\t\t<\/div>\n\t\t<\/section>\n\t\t\t\t<\/div>\n\t\t","protected":false},"excerpt":{"rendered":"<p>The application has been sent, thank you! We will first check Your data and then we will send you an invoice. The certificate will be provided as soon as we have received the payment. VALVEKLIINIK Personal and fast medical assistance to all that require it \u2013 available on the same day! The mission of Valvekliinik [&hellip;]<\/p>\n","protected":false},"author":3,"featured_media":0,"parent":0,"menu_order":0,"comment_status":"closed","ping_status":"closed","template":"elementor_header_footer","meta":{"footnotes":""},"class_list":["post-28501","page","type-page","status-publish","hentry"],"yoast_head":"<!-- This site is optimized with the Yoast SEO plugin v26.6 - https:\/\/yoast.com\/wordpress\/plugins\/seo\/ -->\n<title>covid19-thank you - Valvekliinik<\/title>\n<meta name=\"robots\" content=\"index, follow, max-snippet:-1, max-image-preview:large, max-video-preview:-1\" \/>\n<link rel=\"canonical\" href=\"https:\/\/valvekliinik.ee\/en\/covid19-thank-you\/\" \/>\n<meta property=\"og:locale\" content=\"en_US\" \/>\n<meta property=\"og:type\" content=\"article\" \/>\n<meta property=\"og:title\" content=\"covid19-thank you - Valvekliinik\" \/>\n<meta property=\"og:description\" content=\"The application has been sent, thank you! We will first check Your data and then we will send you an invoice. The certificate will be provided as soon as we have received the payment. VALVEKLIINIK Personal and fast medical assistance to all that require it \u2013 available on the same day! The mission of Valvekliinik [&hellip;]\" \/>\n<meta property=\"og:url\" content=\"https:\/\/valvekliinik.ee\/en\/covid19-thank-you\/\" \/>\n<meta property=\"og:site_name\" content=\"Valvekliinik\" \/>\n<meta property=\"article:modified_time\" content=\"2021-06-28T10:41:48+00:00\" \/>\n<meta property=\"og:image\" content=\"https:\/\/valvekliinik.ee\/wp-content\/uploads\/2021\/06\/Untitled-design-6.png\" \/>\n<meta name=\"twitter:card\" content=\"summary_large_image\" \/>\n<meta name=\"twitter:label1\" content=\"Est. reading time\" \/>\n\t<meta name=\"twitter:data1\" content=\"1 minute\" \/>\n<script type=\"application\/ld+json\" class=\"yoast-schema-graph\">{\"@context\":\"https:\/\/schema.org\",\"@graph\":[{\"@type\":\"WebPage\",\"@id\":\"https:\/\/valvekliinik.ee\/en\/covid19-thank-you\/\",\"url\":\"https:\/\/valvekliinik.ee\/en\/covid19-thank-you\/\",\"name\":\"covid19-thank you - Valvekliinik\",\"isPartOf\":{\"@id\":\"https:\/\/valvekliinik.ee\/#website\"},\"primaryImageOfPage\":{\"@id\":\"https:\/\/valvekliinik.ee\/en\/covid19-thank-you\/#primaryimage\"},\"image\":{\"@id\":\"https:\/\/valvekliinik.ee\/en\/covid19-thank-you\/#primaryimage\"},\"thumbnailUrl\":\"https:\/\/valvekliinik.ee\/wp-content\/uploads\/2021\/06\/Untitled-design-6.png\",\"datePublished\":\"2021-06-28T10:38:18+00:00\",\"dateModified\":\"2021-06-28T10:41:48+00:00\",\"breadcrumb\":{\"@id\":\"https:\/\/valvekliinik.ee\/en\/covid19-thank-you\/#breadcrumb\"},\"inLanguage\":\"en-US\",\"potentialAction\":[{\"@type\":\"ReadAction\",\"target\":[\"https:\/\/valvekliinik.ee\/en\/covid19-thank-you\/\"]}]},{\"@type\":\"ImageObject\",\"inLanguage\":\"en-US\",\"@id\":\"https:\/\/valvekliinik.ee\/en\/covid19-thank-you\/#primaryimage\",\"url\":\"https:\/\/valvekliinik.ee\/wp-content\/uploads\/2021\/06\/Untitled-design-6.png\",\"contentUrl\":\"https:\/\/valvekliinik.ee\/wp-content\/uploads\/2021\/06\/Untitled-design-6.png\"},{\"@type\":\"BreadcrumbList\",\"@id\":\"https:\/\/valvekliinik.ee\/en\/covid19-thank-you\/#breadcrumb\",\"itemListElement\":[{\"@type\":\"ListItem\",\"position\":1,\"name\":\"Home\",\"item\":\"https:\/\/valvekliinik.ee\/\"},{\"@type\":\"ListItem\",\"position\":2,\"name\":\"covid19-thank you\"}]},{\"@type\":\"WebSite\",\"@id\":\"https:\/\/valvekliinik.ee\/#website\",\"url\":\"https:\/\/valvekliinik.ee\/\",\"name\":\"Valvekliinik\",\"description\":\"Tallinna s\u00fcdalinnas arsti vastuv\u00f5tt samal p\u00e4eval E-R 09 - 20 ja laup\u00e4eviti 12 - 16\",\"publisher\":{\"@id\":\"https:\/\/valvekliinik.ee\/#organization\"},\"potentialAction\":[{\"@type\":\"SearchAction\",\"target\":{\"@type\":\"EntryPoint\",\"urlTemplate\":\"https:\/\/valvekliinik.ee\/?s={search_term_string}\"},\"query-input\":{\"@type\":\"PropertyValueSpecification\",\"valueRequired\":true,\"valueName\":\"search_term_string\"}}],\"inLanguage\":\"en-US\"},{\"@type\":\"Organization\",\"@id\":\"https:\/\/valvekliinik.ee\/#organization\",\"name\":\"Valvekliinik\",\"url\":\"https:\/\/valvekliinik.ee\/\",\"logo\":{\"@type\":\"ImageObject\",\"inLanguage\":\"en-US\",\"@id\":\"https:\/\/valvekliinik.ee\/#\/schema\/logo\/image\/\",\"url\":\"https:\/\/valvekliinik.ee\/wp-content\/uploads\/2021\/08\/vk-logo.svg\",\"contentUrl\":\"https:\/\/valvekliinik.ee\/wp-content\/uploads\/2021\/08\/vk-logo.svg\",\"width\":212,\"height\":59,\"caption\":\"Valvekliinik\"},\"image\":{\"@id\":\"https:\/\/valvekliinik.ee\/#\/schema\/logo\/image\/\"}}]}<\/script>\n<!-- \/ Yoast SEO plugin. -->","yoast_head_json":{"title":"covid19-thank you - Valvekliinik","robots":{"index":"index","follow":"follow","max-snippet":"max-snippet:-1","max-image-preview":"max-image-preview:large","max-video-preview":"max-video-preview:-1"},"canonical":"https:\/\/valvekliinik.ee\/en\/covid19-thank-you\/","og_locale":"en_US","og_type":"article","og_title":"covid19-thank you - Valvekliinik","og_description":"The application has been sent, thank you! We will first check Your data and then we will send you an invoice. The certificate will be provided as soon as we have received the payment. VALVEKLIINIK Personal and fast medical assistance to all that require it \u2013 available on the same day! The mission of Valvekliinik [&hellip;]","og_url":"https:\/\/valvekliinik.ee\/en\/covid19-thank-you\/","og_site_name":"Valvekliinik","article_modified_time":"2021-06-28T10:41:48+00:00","og_image":[{"url":"https:\/\/valvekliinik.ee\/wp-content\/uploads\/2021\/06\/Untitled-design-6.png","type":"","width":"","height":""}],"twitter_card":"summary_large_image","twitter_misc":{"Est. reading time":"1 minute"},"schema":{"@context":"https:\/\/schema.org","@graph":[{"@type":"WebPage","@id":"https:\/\/valvekliinik.ee\/en\/covid19-thank-you\/","url":"https:\/\/valvekliinik.ee\/en\/covid19-thank-you\/","name":"covid19-thank you - Valvekliinik","isPartOf":{"@id":"https:\/\/valvekliinik.ee\/#website"},"primaryImageOfPage":{"@id":"https:\/\/valvekliinik.ee\/en\/covid19-thank-you\/#primaryimage"},"image":{"@id":"https:\/\/valvekliinik.ee\/en\/covid19-thank-you\/#primaryimage"},"thumbnailUrl":"https:\/\/valvekliinik.ee\/wp-content\/uploads\/2021\/06\/Untitled-design-6.png","datePublished":"2021-06-28T10:38:18+00:00","dateModified":"2021-06-28T10:41:48+00:00","breadcrumb":{"@id":"https:\/\/valvekliinik.ee\/en\/covid19-thank-you\/#breadcrumb"},"inLanguage":"en-US","potentialAction":[{"@type":"ReadAction","target":["https:\/\/valvekliinik.ee\/en\/covid19-thank-you\/"]}]},{"@type":"ImageObject","inLanguage":"en-US","@id":"https:\/\/valvekliinik.ee\/en\/covid19-thank-you\/#primaryimage","url":"https:\/\/valvekliinik.ee\/wp-content\/uploads\/2021\/06\/Untitled-design-6.png","contentUrl":"https:\/\/valvekliinik.ee\/wp-content\/uploads\/2021\/06\/Untitled-design-6.png"},{"@type":"BreadcrumbList","@id":"https:\/\/valvekliinik.ee\/en\/covid19-thank-you\/#breadcrumb","itemListElement":[{"@type":"ListItem","position":1,"name":"Home","item":"https:\/\/valvekliinik.ee\/"},{"@type":"ListItem","position":2,"name":"covid19-thank you"}]},{"@type":"WebSite","@id":"https:\/\/valvekliinik.ee\/#website","url":"https:\/\/valvekliinik.ee\/","name":"Valvekliinik","description":"Tallinna s\u00fcdalinnas arsti vastuv\u00f5tt samal p\u00e4eval E-R 09 - 20 ja laup\u00e4eviti 12 - 16","publisher":{"@id":"https:\/\/valvekliinik.ee\/#organization"},"potentialAction":[{"@type":"SearchAction","target":{"@type":"EntryPoint","urlTemplate":"https:\/\/valvekliinik.ee\/?s={search_term_string}"},"query-input":{"@type":"PropertyValueSpecification","valueRequired":true,"valueName":"search_term_string"}}],"inLanguage":"en-US"},{"@type":"Organization","@id":"https:\/\/valvekliinik.ee\/#organization","name":"Valvekliinik","url":"https:\/\/valvekliinik.ee\/","logo":{"@type":"ImageObject","inLanguage":"en-US","@id":"https:\/\/valvekliinik.ee\/#\/schema\/logo\/image\/","url":"https:\/\/valvekliinik.ee\/wp-content\/uploads\/2021\/08\/vk-logo.svg","contentUrl":"https:\/\/valvekliinik.ee\/wp-content\/uploads\/2021\/08\/vk-logo.svg","width":212,"height":59,"caption":"Valvekliinik"},"image":{"@id":"https:\/\/valvekliinik.ee\/#\/schema\/logo\/image\/"}}]}},"_links":{"self":[{"href":"https:\/\/valvekliinik.ee\/en\/wp-json\/wp\/v2\/pages\/28501","targetHints":{"allow":["GET"]}}],"collection":[{"href":"https:\/\/valvekliinik.ee\/en\/wp-json\/wp\/v2\/pages"}],"about":[{"href":"https:\/\/valvekliinik.ee\/en\/wp-json\/wp\/v2\/types\/page"}],"author":[{"embeddable":true,"href":"https:\/\/valvekliinik.ee\/en\/wp-json\/wp\/v2\/users\/3"}],"replies":[{"embeddable":true,"href":"https:\/\/valvekliinik.ee\/en\/wp-json\/wp\/v2\/comments?post=28501"}],"version-history":[{"count":0,"href":"https:\/\/valvekliinik.ee\/en\/wp-json\/wp\/v2\/pages\/28501\/revisions"}],"wp:attachment":[{"href":"https:\/\/valvekliinik.ee\/en\/wp-json\/wp\/v2\/media?parent=28501"}],"curies":[{"name":"wp","href":"https:\/\/api.w.org\/{rel}","templated":true}]}}